{"id":32,"date":"2023-04-27T10:37:02","date_gmt":"2023-04-27T10:37:02","guid":{"rendered":"https:\/\/www.overovanitonometru.cz\/?page_id=32"},"modified":"2025-09-11T10:08:02","modified_gmt":"2025-09-11T10:08:02","slug":"ams-scanlab-praha","status":"publish","type":"page","link":"https:\/\/www.overovanitonometru.cz\/","title":{"rendered":"AMS Scanlab Praha"},"content":{"rendered":"\n<div class=\"wp-block-columns is-layout-flex wp-container-core-columns-is-layout-9d6595d7 wp-block-columns-is-layout-flex\">\n<div class=\"wp-block-column is-layout-flow wp-block-column-is-layout-flow\">\n<p><strong>Ov\u011b\u0159ujeme:<\/strong><\/p>\n\n\n\n<ul class=\"wp-block-list\">\n<li><strong>automatick\u00e9 elektronick\u00e9 tonometry<\/strong><\/li>\n\n\n\n<li><strong>deforma\u010dn\u00ed tonometry<\/strong><\/li>\n\n\n\n<li><strong>bezrtu\u0165ov\u00e9 elektronick\u00e9 tonometry<\/strong><\/li>\n<\/ul>\n<\/div>\n\n\n\n<div class=\"wp-block-column is-layout-flow wp-block-column-is-layout-flow\">\n<figure class=\"wp-block-image alignright size-full is-resized\"><img loading=\"lazy\" decoding=\"async\" width=\"800\" height=\"800\" src=\"https:\/\/www.overovanitonometru.cz\/wp-content\/uploads\/2023\/04\/index-stranka-1.jpeg\" alt=\"\" class=\"wp-image-39\" style=\"width:346px;height:346px\" srcset=\"https:\/\/www.overovanitonometru.cz\/wp-content\/uploads\/2023\/04\/index-stranka-1.jpeg 800w, https:\/\/www.overovanitonometru.cz\/wp-content\/uploads\/2023\/04\/index-stranka-1-300x300.jpeg 300w, https:\/\/www.overovanitonometru.cz\/wp-content\/uploads\/2023\/04\/index-stranka-1-150x150.jpeg 150w, https:\/\/www.overovanitonometru.cz\/wp-content\/uploads\/2023\/04\/index-stranka-1-768x768.jpeg 768w, https:\/\/www.overovanitonometru.cz\/wp-content\/uploads\/2023\/04\/index-stranka-1-96x96.jpeg 96w\" sizes=\"auto, (max-width: 800px) 100vw, 800px\" \/><\/figure>\n<\/div>\n<\/div>\n\n\n\n<div class=\"wp-block-columns is-layout-flex wp-container-core-columns-is-layout-9d6595d7 wp-block-columns-is-layout-flex\">\n<div class=\"wp-block-column is-layout-flow wp-block-column-is-layout-flow\">\n<div class=\"wp-block-columns is-layout-flex wp-container-core-columns-is-layout-9d6595d7 wp-block-columns-is-layout-flex\">\n<div class=\"wp-block-column is-layout-flow wp-block-column-is-layout-flow\">\n<p><strong>Jsme autorizov\u00e1n\u00ed od \u00daNMZ<\/strong> pro ov\u011b\u0159ov\u00e1n\u00ed p\u0159\u00edstroj\u016f pro m\u011b\u0159en\u00ed tlaku krve &#8211; tonometr\u016f. Tonometry, kter\u00e9 jsou ur\u010deny pro zdravotnictv\u00ed je povinn\u00e9 pravideln\u011b ov\u011b\u0159ovat. Povinnost ov\u011b\u0159ovat tonometry je dle vyhl\u00e1\u0161ky \u010d. 345\/2022 Sb.<\/p>\n<\/div>\n\n\n\n<div class=\"wp-block-column is-layout-flow wp-block-column-is-layout-flow\">\n<figure class=\"wp-block-image alignright size-large is-resized\"><img loading=\"lazy\" decoding=\"async\" width=\"726\" height=\"1024\" src=\"https:\/\/www.overovanitonometru.cz\/wp-content\/uploads\/2023\/05\/img20230427_13284225-726x1024.jpg\" alt=\"\" class=\"wp-image-116\" style=\"aspect-ratio:0.7089371980676329;width:297px;height:auto\" srcset=\"https:\/\/www.overovanitonometru.cz\/wp-content\/uploads\/2023\/05\/img20230427_13284225-726x1024.jpg 726w, https:\/\/www.overovanitonometru.cz\/wp-content\/uploads\/2023\/05\/img20230427_13284225-213x300.jpg 213w, https:\/\/www.overovanitonometru.cz\/wp-content\/uploads\/2023\/05\/img20230427_13284225-768x1084.jpg 768w, https:\/\/www.overovanitonometru.cz\/wp-content\/uploads\/2023\/05\/img20230427_13284225-1089x1536.jpg 1089w, https:\/\/www.overovanitonometru.cz\/wp-content\/uploads\/2023\/05\/img20230427_13284225-1451x2048.jpg 1451w, https:\/\/www.overovanitonometru.cz\/wp-content\/uploads\/2023\/05\/img20230427_13284225-606x855.jpg 606w, https:\/\/www.overovanitonometru.cz\/wp-content\/uploads\/2023\/05\/img20230427_13284225-scaled.jpg 1814w\" sizes=\"auto, (max-width: 726px) 100vw, 726px\" \/><\/figure>\n<\/div>\n<\/div>\n\n\n\n<p><strong>Pro\u010d ov\u011b\u0159ovat tonometry u n\u00e1s?<\/strong><\/p>\n\n\n\n<ul class=\"wp-block-list\">\n<li>ov\u011b\u0159en\u00ed provedeme do 2 pracovn\u00edch dn\u016f<\/li>\n\n\n\n<li>pro prov\u00e1d\u011bn\u00ed ov\u011b\u0159ov\u00e1n\u00ed jsme autorizov\u00e1ni od \u00daNMZ<\/li>\n\n\n\n<li>v\u0161echny na\u0161e etalony jsou nav\u00e1z\u00e1ny na st\u00e1tn\u00ed a mezin\u00e1rodn\u00ed etalon\u00e1\u017e<\/li>\n\n\n\n<li>ov\u011b\u0159en\u00ed provedeme i u V\u00e1s<\/li>\n\n\n\n<li>v p\u0159\u00edpad\u011b, \u017ee b\u011bhem ov\u011b\u0159en\u00ed pot\u0159ebujete n\u00e1hradn\u00ed tonometry, r\u00e1di V\u00e1m je p\u016fj\u010d\u00edme za pau\u0161\u00e1ln\u00ed platbu 50,00 K\u010d\/tonometr<\/li>\n\n\n\n<li>vystav\u00edme V\u00e1m Potvrzen\u00ed o ov\u011b\u0159en\u00ed zcela zdarma<\/li>\n\n\n\n<li>po Praze je dopravn\u00e9 technika zdarma (mimo Prahu dle po\u010dtu z\u00e1kazn\u00edk\u016f okolo V\u00e1s)<\/li>\n<\/ul>\n\n\n\n<p><\/p>\n<\/div>\n<\/div>\n","protected":false},"excerpt":{"rendered":"<p>Ov\u011b\u0159ujeme: Jsme autorizov\u00e1n\u00ed od \u00daNMZ pro ov\u011b\u0159ov\u00e1n\u00ed p\u0159\u00edstroj\u016f pro m\u011b\u0159en\u00ed tlaku krve &#8211; tonometr\u016f. Tonometry, kter\u00e9 jsou ur\u010deny pro zdravotnictv\u00ed je povinn\u00e9 pravideln\u011b ov\u011b\u0159ovat. Povinnost ov\u011b\u0159ovat tonometry je dle vyhl\u00e1\u0161ky \u010d. 345\/2022 Sb. Pro\u010d ov\u011b\u0159ovat tonometry u n\u00e1s?<\/p>\n","protected":false},"author":1,"featured_media":0,"parent":0,"menu_order":0,"comment_status":"closed","ping_status":"closed","template":"","meta":{"footnotes":""},"class_list":["post-32","page","type-page","status-publish","hentry","no-post-thumbnail"],"_links":{"self":[{"href":"https:\/\/www.overovanitonometru.cz\/index.php?rest_route=\/wp\/v2\/pages\/32","targetHints":{"allow":["GET"]}}],"collection":[{"href":"https:\/\/www.overovanitonometru.cz\/index.php?rest_route=\/wp\/v2\/pages"}],"about":[{"href":"https:\/\/www.overovanitonometru.cz\/index.php?rest_route=\/wp\/v2\/types\/page"}],"author":[{"embeddable":true,"href":"https:\/\/www.overovanitonometru.cz\/index.php?rest_route=\/wp\/v2\/users\/1"}],"replies":[{"embeddable":true,"href":"https:\/\/www.overovanitonometru.cz\/index.php?rest_route=%2Fwp%2Fv2%2Fcomments&post=32"}],"version-history":[{"count":23,"href":"https:\/\/www.overovanitonometru.cz\/index.php?rest_route=\/wp\/v2\/pages\/32\/revisions"}],"predecessor-version":[{"id":150,"href":"https:\/\/www.overovanitonometru.cz\/index.php?rest_route=\/wp\/v2\/pages\/32\/revisions\/150"}],"wp:attachment":[{"href":"https:\/\/www.overovanitonometru.cz\/index.php?rest_route=%2Fwp%2Fv2%2Fmedia&parent=32"}],"curies":[{"name":"wp","href":"https:\/\/api.w.org\/{rel}","templated":true}]}}