{"id":69,"date":"2023-04-27T12:00:03","date_gmt":"2023-04-27T12:00:03","guid":{"rendered":"https:\/\/www.overovanitonometru.cz\/?page_id=69"},"modified":"2023-08-28T16:48:40","modified_gmt":"2023-08-28T16:48:40","slug":"poptavkovy-formular","status":"publish","type":"page","link":"https:\/\/www.overovanitonometru.cz\/?page_id=69","title":{"rendered":"Popt\u00e1vkov\u00fd formul\u00e1\u0159"},"content":{"rendered":"\n<div class=\"wp-block-columns is-layout-flex wp-container-core-columns-is-layout-9d6595d7 wp-block-columns-is-layout-flex\">\n<div class=\"wp-block-column is-layout-flow wp-block-column-is-layout-flow\" style=\"flex-basis:66.66%\">\n<p>Pokud m\u00e1te z\u00e1jem o na\u0161e slu\u017eby, pros\u00edm V\u00e1s, <strong>vypl\u0148te n\u00e1sleduj\u00edc\u00ed formul\u00e1\u0159<\/strong>. Odpov\u00edme V\u00e1m v co nejbli\u017e\u0161\u00edm term\u00ednu. D\u011bkujeme V\u00e1m.<\/p>\n<\/div>\n\n\n\n<div class=\"wp-block-column is-layout-flow wp-block-column-is-layout-flow\" style=\"flex-basis:33.33%\">\n<figure class=\"wp-block-image size-full is-resized\"><img loading=\"lazy\" decoding=\"async\" src=\"https:\/\/www.overovanitonometru.cz\/wp-content\/uploads\/2023\/04\/01-01-tonometr_boso-mercurius-e.jpg\" alt=\"\" class=\"wp-image-94\" style=\"width:161px;height:161px\" width=\"161\" height=\"161\" srcset=\"https:\/\/www.overovanitonometru.cz\/wp-content\/uploads\/2023\/04\/01-01-tonometr_boso-mercurius-e.jpg 800w, https:\/\/www.overovanitonometru.cz\/wp-content\/uploads\/2023\/04\/01-01-tonometr_boso-mercurius-e-300x300.jpg 300w, https:\/\/www.overovanitonometru.cz\/wp-content\/uploads\/2023\/04\/01-01-tonometr_boso-mercurius-e-150x150.jpg 150w, https:\/\/www.overovanitonometru.cz\/wp-content\/uploads\/2023\/04\/01-01-tonometr_boso-mercurius-e-768x768.jpg 768w\" sizes=\"auto, (max-width: 161px) 100vw, 161px\" \/><\/figure>\n<\/div>\n<\/div>\n\n\n<style id=\"wpforms-css-vars-root\">\n\t\t\t\t:root {\n\t\t\t\t\t--wpforms-field-border-radius: 3px;\n--wpforms-field-background-color: #ffffff;\n--wpforms-field-border-color: rgba( 0, 0, 0, 0.25 );\n--wpforms-field-text-color: rgba( 0, 0, 0, 0.7 );\n--wpforms-label-color: rgba( 0, 0, 0, 0.85 );\n--wpforms-label-sublabel-color: rgba( 0, 0, 0, 0.55 );\n--wpforms-label-error-color: #d63637;\n--wpforms-button-border-radius: 3px;\n--wpforms-button-background-color: #066aab;\n--wpforms-button-text-color: #ffffff;\n--wpforms-field-size-input-height: 43px;\n--wpforms-field-size-input-spacing: 15px;\n--wpforms-field-size-font-size: 16px;\n--wpforms-field-size-line-height: 19px;\n--wpforms-field-size-padding-h: 14px;\n--wpforms-field-size-checkbox-size: 16px;\n--wpforms-field-size-sublabel-spacing: 5px;\n--wpforms-field-size-icon-size: 1;\n--wpforms-label-size-font-size: 16px;\n--wpforms-label-size-line-height: 19px;\n--wpforms-label-size-sublabel-font-size: 14px;\n--wpforms-label-size-sublabel-line-height: 17px;\n--wpforms-button-size-font-size: 17px;\n--wpforms-button-size-height: 41px;\n--wpforms-button-size-padding-h: 15px;\n--wpforms-button-size-margin-top: 10px;\n\n\t\t\t\t}\n\t\t\t<\/style><div class=\"wpforms-container wpforms-container-full wpforms-block wpforms-block-1758dbbf-bf57-4efb-ba43-74bdc806b6b4 wpforms-render-modern\" id=\"wpforms-65\"><form id=\"wpforms-form-65\" class=\"wpforms-validate wpforms-form wpforms-ajax-form\" data-formid=\"65\" method=\"post\" enctype=\"multipart\/form-data\" action=\"\/index.php?rest_route=%2Fwp%2Fv2%2Fpages%2F69\" data-token=\"236b1f1fcaa1e125a4ac078eae639b18\"><noscript class=\"wpforms-error-noscript\">Chcete-li vyplnit tento formul\u00e1\u0159, pros\u00edm povolte v prohl\u00ed\u017ee\u010di JavaScript.<\/noscript><div class=\"wpforms-hidden\" id=\"wpforms-error-noscript\">Chcete-li vyplnit tento formul\u00e1\u0159, pros\u00edm povolte v prohl\u00ed\u017ee\u010di JavaScript.<\/div><div class=\"wpforms-field-container\"><div id=\"wpforms-65-field_1-container\" class=\"wpforms-field wpforms-field-text\" data-field-id=\"1\"><label class=\"wpforms-field-label\" for=\"wpforms-65-field_1\">Jm\u00e9no a p\u0159\u00edjmen\u00ed (p\u0159\u00edpadn\u011b tituly):<\/label><input type=\"text\" id=\"wpforms-65-field_1\" class=\"wpforms-field-medium\" name=\"wpforms[fields][1]\" aria-errormessage=\"wpforms-65-field_1-error\" ><\/div><div id=\"wpforms-65-field_2-container\" class=\"wpforms-field wpforms-field-text\" data-field-id=\"2\"><label class=\"wpforms-field-label\" for=\"wpforms-65-field_2\">Organizace: <span class=\"wpforms-required-label\" aria-hidden=\"true\">*<\/span><\/label><input type=\"text\" id=\"wpforms-65-field_2\" class=\"wpforms-field-medium wpforms-field-required\" name=\"wpforms[fields][2]\" aria-errormessage=\"wpforms-65-field_2-error\" required><\/div><div id=\"wpforms-65-field_7-container\" class=\"wpforms-field wpforms-field-email\" data-field-id=\"7\"><label class=\"wpforms-field-label\" for=\"wpforms-65-field_7\">E-mail <span class=\"wpforms-required-label\" aria-hidden=\"true\">*<\/span><\/label><input type=\"email\" id=\"wpforms-65-field_7\" class=\"wpforms-field-medium wpforms-field-required\" name=\"wpforms[fields][7]\" spellcheck=\"false\" aria-errormessage=\"wpforms-65-field_7-error\" required><\/div><div id=\"wpforms-65-field_9-container\" class=\"wpforms-field wpforms-field-text\" data-field-id=\"9\"><label class=\"wpforms-field-label\" for=\"wpforms-65-field_9\">Adresa: <span class=\"wpforms-required-label\" aria-hidden=\"true\">*<\/span><\/label><input type=\"text\" id=\"wpforms-65-field_9\" class=\"wpforms-field-medium wpforms-field-required\" name=\"wpforms[fields][9]\" aria-errormessage=\"wpforms-65-field_9-error\" required><\/div><div id=\"wpforms-65-field_4-container\" class=\"wpforms-field wpforms-field-checkbox\" data-field-id=\"4\"><fieldset><legend class=\"wpforms-field-label\">\u017d\u00e1d\u00e1m o nab\u00eddku na ov\u011b\u0159en\u00ed:<\/legend><ul id=\"wpforms-65-field_4\"><li class=\"choice-1 depth-1\"><input type=\"checkbox\" id=\"wpforms-65-field_4_1\" name=\"wpforms[fields][4][]\" value=\"elektronick\u00e9ho tonometru\" aria-errormessage=\"wpforms-65-field_4_1-error\"  ><label class=\"wpforms-field-label-inline\" for=\"wpforms-65-field_4_1\">elektronick\u00e9ho tonometru<\/label><\/li><li class=\"choice-2 depth-1\"><input type=\"checkbox\" id=\"wpforms-65-field_4_2\" name=\"wpforms[fields][4][]\" value=\"deforma\u010dn\u00edho tonometru\" aria-errormessage=\"wpforms-65-field_4_2-error\"  ><label class=\"wpforms-field-label-inline\" for=\"wpforms-65-field_4_2\">deforma\u010dn\u00edho tonometru<\/label><\/li><li class=\"choice-3 depth-1\"><input type=\"checkbox\" id=\"wpforms-65-field_4_3\" name=\"wpforms[fields][4][]\" value=\"digit\u00e1ln\u00edho bezrtu\u0165ov\u00e9ho tonometru\" aria-errormessage=\"wpforms-65-field_4_3-error\"  ><label class=\"wpforms-field-label-inline\" for=\"wpforms-65-field_4_3\">digit\u00e1ln\u00edho bezrtu\u0165ov\u00e9ho tonometru<\/label><\/li><\/ul><\/fieldset><\/div><div id=\"wpforms-65-field_5-container\" class=\"wpforms-field wpforms-field-text\" data-field-id=\"5\"><label class=\"wpforms-field-label\" for=\"wpforms-65-field_5\">Po\u010det tonometr\u016f k ov\u011b\u0159en\u00ed:<\/label><input type=\"text\" id=\"wpforms-65-field_5\" class=\"wpforms-field-medium\" name=\"wpforms[fields][5]\" aria-errormessage=\"wpforms-65-field_5-error\" ><\/div><div id=\"wpforms-65-field_10-container\" class=\"wpforms-field wpforms-field-select wpforms-field-select-style-classic\" data-field-id=\"10\"><label class=\"wpforms-field-label\" for=\"wpforms-65-field_10\">M\u00edsto ov\u011b\u0159en\u00ed tonomeru: <span class=\"wpforms-required-label\" aria-hidden=\"true\">*<\/span><\/label><select id=\"wpforms-65-field_10\" class=\"wpforms-field-medium wpforms-field-required\" name=\"wpforms[fields][10]\" required=\"required\"><option value=\"v AMS Scanlab Praha\" >v AMS Scanlab Praha<\/option><option value=\"na na\u0161\u00ed adrese\" >na na\u0161\u00ed adrese<\/option><\/select><\/div><div id=\"wpforms-65-field_11-container\" class=\"wpforms-field wpforms-field-checkbox\" data-field-id=\"11\"><fieldset><legend class=\"wpforms-field-label\">Po\u017eadujete zap\u016fj\u010den\u00ed n\u00e1hradn\u00edch tonometr\u016f?<\/legend><ul id=\"wpforms-65-field_11\"><li class=\"choice-1 depth-1\"><input type=\"checkbox\" id=\"wpforms-65-field_11_1\" name=\"wpforms[fields][11][]\" value=\"Ano\" aria-errormessage=\"wpforms-65-field_11_1-error\"  ><label class=\"wpforms-field-label-inline\" for=\"wpforms-65-field_11_1\">Ano<\/label><\/li><li class=\"choice-2 depth-1\"><input type=\"checkbox\" id=\"wpforms-65-field_11_2\" name=\"wpforms[fields][11][]\" value=\"Ne\" aria-errormessage=\"wpforms-65-field_11_2-error\"  ><label class=\"wpforms-field-label-inline\" for=\"wpforms-65-field_11_2\">Ne<\/label><\/li><\/ul><\/fieldset><\/div><div id=\"wpforms-65-field_6-container\" class=\"wpforms-field wpforms-field-select wpforms-field-select-style-classic\" data-field-id=\"6\"><label class=\"wpforms-field-label\" for=\"wpforms-65-field_6\">Po\u017eadujete vystaven\u00ed Potvrzen\u00ed o ov\u011b\u0159en\u00ed:<\/label><select id=\"wpforms-65-field_6\" class=\"wpforms-field-medium\" name=\"wpforms[fields][6]\"><option value=\"ne\" >ne<\/option><option value=\"ano\" >ano<\/option><\/select><\/div><\/div><!-- .wpforms-field-container --><div class=\"wpforms-submit-container\" ><input type=\"hidden\" name=\"wpforms[id]\" value=\"65\"><input type=\"hidden\" name=\"wpforms[author]\" value=\"1\"><button type=\"submit\" name=\"wpforms[submit]\" id=\"wpforms-submit-65\" class=\"wpforms-submit\" data-alt-text=\"Odes\u00edl\u00e1ni...\" data-submit-text=\"Odeslat\" aria-live=\"assertive\" value=\"wpforms-submit\">Odeslat<\/button><img loading=\"lazy\" decoding=\"async\" src=\"https:\/\/www.overovanitonometru.cz\/wp-content\/plugins\/wpforms-lite\/assets\/images\/submit-spin.svg\" class=\"wpforms-submit-spinner\" style=\"display: none;\" width=\"26\" height=\"26\" alt=\"Na\u010d\u00edt\u00e1n\u00ed\"><\/div><\/form><\/div>  <!-- .wpforms-container -->","protected":false},"excerpt":{"rendered":"<p>Pokud m\u00e1te z\u00e1jem o na\u0161e slu\u017eby, pros\u00edm V\u00e1s, vypl\u0148te n\u00e1sleduj\u00edc\u00ed formul\u00e1\u0159. Odpov\u00edme V\u00e1m v co nejbli\u017e\u0161\u00edm term\u00ednu. D\u011bkujeme V\u00e1m.<\/p>\n","protected":false},"author":1,"featured_media":0,"parent":0,"menu_order":0,"comment_status":"closed","ping_status":"closed","template":"","meta":{"footnotes":""},"class_list":["post-69","page","type-page","status-publish","hentry","no-post-thumbnail"],"_links":{"self":[{"href":"https:\/\/www.overovanitonometru.cz\/index.php?rest_route=\/wp\/v2\/pages\/69","targetHints":{"allow":["GET"]}}],"collection":[{"href":"https:\/\/www.overovanitonometru.cz\/index.php?rest_route=\/wp\/v2\/pages"}],"about":[{"href":"https:\/\/www.overovanitonometru.cz\/index.php?rest_route=\/wp\/v2\/types\/page"}],"author":[{"embeddable":true,"href":"https:\/\/www.overovanitonometru.cz\/index.php?rest_route=\/wp\/v2\/users\/1"}],"replies":[{"embeddable":true,"href":"https:\/\/www.overovanitonometru.cz\/index.php?rest_route=%2Fwp%2Fv2%2Fcomments&post=69"}],"version-history":[{"count":5,"href":"https:\/\/www.overovanitonometru.cz\/index.php?rest_route=\/wp\/v2\/pages\/69\/revisions"}],"predecessor-version":[{"id":135,"href":"https:\/\/www.overovanitonometru.cz\/index.php?rest_route=\/wp\/v2\/pages\/69\/revisions\/135"}],"wp:attachment":[{"href":"https:\/\/www.overovanitonometru.cz\/index.php?rest_route=%2Fwp%2Fv2%2Fmedia&parent=69"}],"curies":[{"name":"wp","href":"https:\/\/api.w.org\/{rel}","templated":true}]}}