{"id":88,"date":"2023-04-27T12:37:38","date_gmt":"2023-04-27T12:37:38","guid":{"rendered":"https:\/\/www.overovanitonometru.cz\/?page_id=88"},"modified":"2023-04-27T12:37:38","modified_gmt":"2023-04-27T12:37:38","slug":"elektronicka-objednavka","status":"publish","type":"page","link":"https:\/\/www.overovanitonometru.cz\/?page_id=88","title":{"rendered":"Elektronick\u00e1 objedn\u00e1vka"},"content":{"rendered":"\n<div class=\"wp-block-columns is-layout-flex wp-container-core-columns-is-layout-9d6595d7 wp-block-columns-is-layout-flex\">\n<div class=\"wp-block-column is-layout-flow wp-block-column-is-layout-flow\">\n<p>D\u011bkujeme V\u00e1m za z\u00e1jem o na\u0161e slu\u017eby. Tak abychom V\u00e1s vy\u0161li 100% vst\u0159\u00edc, pros\u00edm, vypl\u0148te elektronickou objedn\u00e1vku a ode\u0161lete ji k n\u00e1m. Jakmile objedn\u00e1vku obdr\u017e\u00edme, po\u0161leme V\u00e1m nab\u00eddku na proveden\u00ed ov\u011b\u0159en\u00ed. A\u017e po Va\u0161em odsouhlasen\u00ed za\u010dneme pr\u00e1ci.<\/p>\n<\/div>\n\n\n\n<div class=\"wp-block-column is-layout-flow wp-block-column-is-layout-flow\">\n<figure class=\"wp-block-image size-full is-resized\"><img loading=\"lazy\" decoding=\"async\" src=\"https:\/\/www.overovanitonometru.cz\/wp-content\/uploads\/2023\/04\/125498.jpg\" alt=\"\" class=\"wp-image-89\" width=\"277\" height=\"277\" srcset=\"https:\/\/www.overovanitonometru.cz\/wp-content\/uploads\/2023\/04\/125498.jpg 385w, https:\/\/www.overovanitonometru.cz\/wp-content\/uploads\/2023\/04\/125498-300x300.jpg 300w, https:\/\/www.overovanitonometru.cz\/wp-content\/uploads\/2023\/04\/125498-150x150.jpg 150w\" sizes=\"auto, (max-width: 277px) 100vw, 277px\" \/><\/figure>\n<\/div>\n<\/div>\n\n\n<style id=\"wpforms-css-vars-root\">\n\t\t\t\t:root {\n\t\t\t\t\t--wpforms-field-border-radius: 3px;\n--wpforms-field-background-color: #ffffff;\n--wpforms-field-border-color: rgba( 0, 0, 0, 0.25 );\n--wpforms-field-text-color: rgba( 0, 0, 0, 0.7 );\n--wpforms-label-color: rgba( 0, 0, 0, 0.85 );\n--wpforms-label-sublabel-color: rgba( 0, 0, 0, 0.55 );\n--wpforms-label-error-color: #d63637;\n--wpforms-button-border-radius: 3px;\n--wpforms-button-background-color: #066aab;\n--wpforms-button-text-color: #ffffff;\n--wpforms-field-size-input-height: 43px;\n--wpforms-field-size-input-spacing: 15px;\n--wpforms-field-size-font-size: 16px;\n--wpforms-field-size-line-height: 19px;\n--wpforms-field-size-padding-h: 14px;\n--wpforms-field-size-checkbox-size: 16px;\n--wpforms-field-size-sublabel-spacing: 5px;\n--wpforms-field-size-icon-size: 1;\n--wpforms-label-size-font-size: 16px;\n--wpforms-label-size-line-height: 19px;\n--wpforms-label-size-sublabel-font-size: 14px;\n--wpforms-label-size-sublabel-line-height: 17px;\n--wpforms-button-size-font-size: 17px;\n--wpforms-button-size-height: 41px;\n--wpforms-button-size-padding-h: 15px;\n--wpforms-button-size-margin-top: 10px;\n\n\t\t\t\t}\n\t\t\t<\/style><div class=\"wpforms-container wpforms-container-full wpforms-block wpforms-block-06543649-0ff9-4bf3-8c95-c4984a63b967 wpforms-render-modern\" id=\"wpforms-85\"><form id=\"wpforms-form-85\" class=\"wpforms-validate wpforms-form wpforms-ajax-form\" data-formid=\"85\" method=\"post\" enctype=\"multipart\/form-data\" action=\"\/index.php?rest_route=%2Fwp%2Fv2%2Fpages%2F88\" data-token=\"dff8e095ce19eb9ac1df49d2d1d96ee2\"><noscript class=\"wpforms-error-noscript\">Chcete-li vyplnit tento formul\u00e1\u0159, pros\u00edm povolte v prohl\u00ed\u017ee\u010di JavaScript.<\/noscript><div class=\"wpforms-hidden\" id=\"wpforms-error-noscript\">Chcete-li vyplnit tento formul\u00e1\u0159, pros\u00edm povolte v prohl\u00ed\u017ee\u010di JavaScript.<\/div><div class=\"wpforms-field-container\"><div id=\"wpforms-85-field_1-container\" class=\"wpforms-field wpforms-field-text\" data-field-id=\"1\"><label class=\"wpforms-field-label\" for=\"wpforms-85-field_1\">Organizace\/ambulace: <span class=\"wpforms-required-label\" aria-hidden=\"true\">*<\/span><\/label><input type=\"text\" id=\"wpforms-85-field_1\" class=\"wpforms-field-medium wpforms-field-required\" name=\"wpforms[fields][1]\" aria-errormessage=\"wpforms-85-field_1-error\" required><\/div><div id=\"wpforms-85-field_2-container\" class=\"wpforms-field wpforms-field-text\" data-field-id=\"2\"><label class=\"wpforms-field-label\" for=\"wpforms-85-field_2\">Jm\u00e9no a p\u0159\u00edjmen\u00ed, titul\/y: <span class=\"wpforms-required-label\" aria-hidden=\"true\">*<\/span><\/label><input type=\"text\" id=\"wpforms-85-field_2\" class=\"wpforms-field-medium wpforms-field-required\" name=\"wpforms[fields][2]\" aria-errormessage=\"wpforms-85-field_2-error\" required><\/div><div id=\"wpforms-85-field_3-container\" class=\"wpforms-field wpforms-field-textarea\" data-field-id=\"3\"><label class=\"wpforms-field-label\" for=\"wpforms-85-field_3\">Adresa: <span class=\"wpforms-required-label\" aria-hidden=\"true\">*<\/span><\/label><textarea id=\"wpforms-85-field_3\" class=\"wpforms-field-medium wpforms-field-required\" name=\"wpforms[fields][3]\" aria-errormessage=\"wpforms-85-field_3-error\" required><\/textarea><\/div><div id=\"wpforms-85-field_4-container\" class=\"wpforms-field wpforms-field-text\" data-field-id=\"4\"><label class=\"wpforms-field-label\" for=\"wpforms-85-field_4\">Kontaktn\u00ed telefon: <span class=\"wpforms-required-label\" aria-hidden=\"true\">*<\/span><\/label><input type=\"text\" id=\"wpforms-85-field_4\" class=\"wpforms-field-medium wpforms-field-required\" name=\"wpforms[fields][4]\" aria-errormessage=\"wpforms-85-field_4-error\" required><\/div><div id=\"wpforms-85-field_5-container\" class=\"wpforms-field wpforms-field-email\" data-field-id=\"5\"><label class=\"wpforms-field-label\" for=\"wpforms-85-field_5\">E-mail <span class=\"wpforms-required-label\" aria-hidden=\"true\">*<\/span><\/label><input type=\"email\" id=\"wpforms-85-field_5\" class=\"wpforms-field-medium wpforms-field-required\" name=\"wpforms[fields][5]\" spellcheck=\"false\" aria-errormessage=\"wpforms-85-field_5-error\" required><\/div><div id=\"wpforms-85-field_6-container\" class=\"wpforms-field wpforms-field-text\" data-field-id=\"6\"><label class=\"wpforms-field-label\" for=\"wpforms-85-field_6\">Po\u010det tonometr\u016f k ov\u011b\u0159en\u00ed: <span class=\"wpforms-required-label\" aria-hidden=\"true\">*<\/span><\/label><input type=\"text\" id=\"wpforms-85-field_6\" class=\"wpforms-field-medium wpforms-field-required\" name=\"wpforms[fields][6]\" aria-errormessage=\"wpforms-85-field_6-error\" required><\/div><div id=\"wpforms-85-field_7-container\" class=\"wpforms-field wpforms-field-checkbox\" data-field-id=\"7\"><fieldset><legend class=\"wpforms-field-label\">Typ tonometr\u016f:<\/legend><ul id=\"wpforms-85-field_7\"><li class=\"choice-1 depth-1\"><input type=\"checkbox\" id=\"wpforms-85-field_7_1\" name=\"wpforms[fields][7][]\" value=\"elektronick\u00fd\" aria-errormessage=\"wpforms-85-field_7_1-error\"  ><label class=\"wpforms-field-label-inline\" for=\"wpforms-85-field_7_1\">elektronick\u00fd<\/label><\/li><li class=\"choice-2 depth-1\"><input type=\"checkbox\" id=\"wpforms-85-field_7_2\" name=\"wpforms[fields][7][]\" value=\"deforma\u010dn\u00ed\" aria-errormessage=\"wpforms-85-field_7_2-error\"  ><label class=\"wpforms-field-label-inline\" for=\"wpforms-85-field_7_2\">deforma\u010dn\u00ed<\/label><\/li><li class=\"choice-3 depth-1\"><input type=\"checkbox\" id=\"wpforms-85-field_7_3\" name=\"wpforms[fields][7][]\" value=\"bezrtu\u0165ov\u00fd elektronick\u00fd tonometr\" aria-errormessage=\"wpforms-85-field_7_3-error\"  ><label class=\"wpforms-field-label-inline\" for=\"wpforms-85-field_7_3\">bezrtu\u0165ov\u00fd elektronick\u00fd tonometr<\/label><\/li><\/ul><\/fieldset><\/div><div id=\"wpforms-85-field_9-container\" class=\"wpforms-field wpforms-field-select wpforms-field-select-style-classic\" data-field-id=\"9\"><label class=\"wpforms-field-label\" for=\"wpforms-85-field_9\">Po\u017eaduji ov\u011b\u0159en\u00ed prov\u00e9st:<\/label><select id=\"wpforms-85-field_9\" class=\"wpforms-field-medium\" name=\"wpforms[fields][9]\"><option value=\"v AMS Scanlab Praha\" >v AMS Scanlab Praha<\/option><option value=\"na na\u0161\u00ed adrese (u z\u00e1kazn\u00edka)\" >na na\u0161\u00ed adrese (u z\u00e1kazn\u00edka)<\/option><\/select><\/div><div id=\"wpforms-85-field_8-container\" class=\"wpforms-field wpforms-field-select wpforms-field-select-style-classic\" data-field-id=\"8\"><label class=\"wpforms-field-label\" for=\"wpforms-85-field_8\">Po\u017eadujete potvrzen\u00ed o ov\u011b\u0159en\u00ed?<\/label><select id=\"wpforms-85-field_8\" class=\"wpforms-field-medium\" name=\"wpforms[fields][8]\"><option value=\"ne\" >ne<\/option><option value=\"ano\" >ano<\/option><\/select><\/div><\/div><!-- .wpforms-field-container --><div class=\"wpforms-submit-container\" ><input type=\"hidden\" name=\"wpforms[id]\" value=\"85\"><input type=\"hidden\" name=\"wpforms[author]\" value=\"1\"><button type=\"submit\" name=\"wpforms[submit]\" id=\"wpforms-submit-85\" class=\"wpforms-submit\" data-alt-text=\"Odes\u00edl\u00e1ni...\" data-submit-text=\"Odeslat\" aria-live=\"assertive\" value=\"wpforms-submit\">Odeslat<\/button><img loading=\"lazy\" decoding=\"async\" src=\"https:\/\/www.overovanitonometru.cz\/wp-content\/plugins\/wpforms-lite\/assets\/images\/submit-spin.svg\" class=\"wpforms-submit-spinner\" style=\"display: none;\" width=\"26\" height=\"26\" alt=\"Na\u010d\u00edt\u00e1n\u00ed\"><\/div><\/form><\/div>  <!-- .wpforms-container -->","protected":false},"excerpt":{"rendered":"<p>D\u011bkujeme V\u00e1m za z\u00e1jem o na\u0161e slu\u017eby. Tak abychom V\u00e1s vy\u0161li 100% vst\u0159\u00edc, pros\u00edm, vypl\u0148te elektronickou objedn\u00e1vku a ode\u0161lete ji k n\u00e1m. Jakmile objedn\u00e1vku obdr\u017e\u00edme, po\u0161leme V\u00e1m nab\u00eddku na proveden\u00ed ov\u011b\u0159en\u00ed. A\u017e po Va\u0161em odsouhlasen\u00ed za\u010dneme pr\u00e1ci.<\/p>\n","protected":false},"author":1,"featured_media":0,"parent":0,"menu_order":0,"comment_status":"closed","ping_status":"closed","template":"","meta":{"footnotes":""},"class_list":["post-88","page","type-page","status-publish","hentry","no-post-thumbnail"],"_links":{"self":[{"href":"https:\/\/www.overovanitonometru.cz\/index.php?rest_route=\/wp\/v2\/pages\/88","targetHints":{"allow":["GET"]}}],"collection":[{"href":"https:\/\/www.overovanitonometru.cz\/index.php?rest_route=\/wp\/v2\/pages"}],"about":[{"href":"https:\/\/www.overovanitonometru.cz\/index.php?rest_route=\/wp\/v2\/types\/page"}],"author":[{"embeddable":true,"href":"https:\/\/www.overovanitonometru.cz\/index.php?rest_route=\/wp\/v2\/users\/1"}],"replies":[{"embeddable":true,"href":"https:\/\/www.overovanitonometru.cz\/index.php?rest_route=%2Fwp%2Fv2%2Fcomments&post=88"}],"version-history":[{"count":1,"href":"https:\/\/www.overovanitonometru.cz\/index.php?rest_route=\/wp\/v2\/pages\/88\/revisions"}],"predecessor-version":[{"id":90,"href":"https:\/\/www.overovanitonometru.cz\/index.php?rest_route=\/wp\/v2\/pages\/88\/revisions\/90"}],"wp:attachment":[{"href":"https:\/\/www.overovanitonometru.cz\/index.php?rest_route=%2Fwp%2Fv2%2Fmedia&parent=88"}],"curies":[{"name":"wp","href":"https:\/\/api.w.org\/{rel}","templated":true}]}}